{"id":225,"date":"2017-07-07T10:45:26","date_gmt":"2017-07-07T08:45:26","guid":{"rendered":"http:\/\/electroserv.ancorathemes.com\/?page_id=225"},"modified":"2020-06-15T15:04:19","modified_gmt":"2020-06-15T13:04:19","slug":"our-experts","status":"publish","type":"page","link":"https:\/\/www.instalacjeelektryczne.net\/?page_id=225","title":{"rendered":"O firmie"},"content":{"rendered":"<p>[vc_row][vc_column][vc_empty_space alter_height=&#8221;huge&#8221; hide_on_desktop=&#8221;&#8221; hide_on_notebook=&#8221;&#8221; hide_on_tablet=&#8221;&#8221; hide_on_mobile=&#8221;&#8221;]<div  id=\"sc_promo_275882311\" \n\tclass=\"sc_promo color_style_default sc_promo_default sc_promo_size_normal sc_promo_no_paddings sc_promo_image_position_left\"><div class=\"sc_promo_image\" style=\"background-image:url(https:\/\/www.instalacjeelektryczne.net\/wp-content\/uploads\/2020\/06\/instalacje_elektryczne_1.jpg);width:50%;left: 0;\"><\/div><div class=\"sc_promo_text\" style=\"width: 50%;float: right;\">\n\t\t\t<div class=\"sc_promo_text_inner sc_content_width_50%\" style=\"\"><h6 class=\"sc_item_subtitle sc_promo_subtitle sc_align_left sc_item_title_style_default\">kim jeste\u015bmy<\/h6><h1 class=\"sc_item_title sc_promo_title sc_align_left sc_item_title_style_default sc_item_title_tag\">Profesjonalni wykonawcy<\/h1><div class=\"sc_item_descr sc_promo_descr sc_align_left\"><p>Firma ElektroMix powsta\u0142a w K\u00f3rniku w 2008 roku. Podstawowy zakres dzia\u0142alno\u015bci firmy stanowi kompleksowe wykonawstwo instalacji elektrycznych i teletechnicznych w obiektach: przemys\u0142owych, u\u017cyteczno\u015bci publicznej, mieszkaniowych wielorodzinnych, jak r\u00f3wnie\u017c wykonawstwo inwestycji zwi\u0105zanych z o\u015bwietleniem zewn\u0119trznym oraz zasilaniem obiekt\u00f3w.<\/p>\n<p>W drodze ci\u0105g\u0142ego rozwoju oraz systematycznego podnoszenia kwalifikacji wci\u0105\u017c poszerzamy zakres realizowanych us\u0142ug, kt\u00f3re obejmuj\u0105 tak\u017ce kompleksow\u0105 budow\u0119 sieci \u015bwiat\u0142owodowych.<\/p>\n<p>Bazuj\u0105c na wieloletnim do\u015bwiadczeniu i profesjonalnym podej\u015bciu gwarantujemy wykonanie wszelkich us\u0142ug na najwy\u017cszym poziomie.<\/p>\n<\/div><\/div>\n\t\t<\/div><!-- \/.sc_promo_text --><\/div><!-- \/.sc_promo -->[vc_empty_space alter_height=&#8221;large&#8221; hide_on_desktop=&#8221;&#8221; hide_on_notebook=&#8221;&#8221; hide_on_tablet=&#8221;&#8221; hide_on_mobile=&#8221;&#8221; css=&#8221;.vc_custom_1504109698536{margin-top: 1.6rem !important;}&#8221;][\/vc_column][\/vc_row][vc_row full_width=&#8221;stretch_row&#8221; content_placement=&#8221;middle&#8221; hide_bg_image_on_tablet=&#8221;&#8221; hide_bg_image_on_mobile=&#8221;&#8221; css=&#8221;.vc_custom_1591130639693{background-color: #00A0E3 !important;}&#8221;][vc_column icons_position=&#8221;left&#8221;][vc_empty_space alter_height=&#8221;medium&#8221; hide_on_desktop=&#8221;&#8221; hide_on_notebook=&#8221;&#8221; hide_on_tablet=&#8221;&#8221; hide_on_mobile=&#8221;&#8221; css=&#8221;.vc_custom_1504105704118{margin-top: 1.7rem !important;}&#8221;][\/vc_column][vc_column width=&#8221;5\/12&#8243; icons_position=&#8221;left&#8221;]<div id=\"sc_title_334896635\"\n\t\tclass=\"sc_title color_style_default scheme_dark sc_title_default\"><h2 class=\"sc_item_title sc_title_title sc_align_left sc_item_title_style_default sc_item_title_tag\">Um\u00f3w spotkanie !<\/h2><\/div><!-- \/.sc_title -->[\/vc_column][vc_column width=&#8221;1\/2&#8243; icons_position=&#8221;left&#8221; offset=&#8221;vc_hidden-lg vc_hidden-md vc_hidden-sm&#8221;][vc_empty_space alter_height=&#8221;medium&#8221; hide_on_desktop=&#8221;&#8221; hide_on_notebook=&#8221;&#8221; hide_on_tablet=&#8221;&#8221; hide_on_mobile=&#8221;&#8221;][\/vc_column][vc_column width=&#8221;7\/12&#8243; fix_column=&#8221;&#8221; hide_bg_image_on_tablet=&#8221;&#8221; hide_bg_image_on_mobile=&#8221;&#8221; column_align=&#8221;right&#8221; icons_position=&#8221;left&#8221;]<a href=\"?page_id=143\" id=\"sc_button_460692324\" class=\"sc_button color_style_dark sc_button_bordered sc_button_size_normal sc_button_icon_left\"><span class=\"sc_button_text\"><span class=\"sc_button_title\">Zadzwo\u0144: +48 669 220 440<\/span><\/span><!-- \/.sc_button_text --><\/a><!-- \/.sc_button -->[\/vc_column][vc_column icons_position=&#8221;left&#8221;][vc_empty_space alter_height=&#8221;medium&#8221; hide_on_desktop=&#8221;&#8221; hide_on_notebook=&#8221;&#8221; hide_on_tablet=&#8221;&#8221; hide_on_mobile=&#8221;&#8221; css=&#8221;.vc_custom_1504105712758{margin-top: 1.3rem !important;}&#8221;][\/vc_column][\/vc_row][vc_row full_width=&#8221;stretch_row_content_no_spaces&#8221; css=&#8221;.vc_custom_1504185339386{background-image: url(http:\/\/electroserv.ancorathemes.com\/wp-content\/uploads\/2017\/07\/img_3.jpg?id=237) !important;background-position: center !important;background-repeat: no-repeat !important;background-size: cover !important;}&#8221;][vc_column width=&#8221;1\/2&#8243; icons_position=&#8221;left&#8221;][\/vc_column][vc_column width=&#8221;1\/2&#8243; icons_position=&#8221;left&#8221;][vc_row_inner hide_bg_image_on_tablet=&#8221;&#8221; hide_bg_image_on_mobile=&#8221;&#8221; css=&#8221;.vc_custom_1504185223357{background-color: rgba(37,38,46,0.8) !important;*background-color: rgb(37,38,46) !important;}&#8221;][vc_column_inner width=&#8221;1\/6&#8243; icons_position=&#8221;left&#8221;][\/vc_column_inner][vc_column_inner width=&#8221;2\/3&#8243; icons_position=&#8221;left&#8221;][vc_empty_space alter_height=&#8221;medium&#8221; hide_on_desktop=&#8221;&#8221; hide_on_notebook=&#8221;&#8221; hide_on_tablet=&#8221;&#8221; hide_on_mobile=&#8221;&#8221; css=&#8221;.vc_custom_1504186536973{margin-top: -0.2rem !important;}&#8221;][vc_empty_space alter_height=&#8221;huge&#8221; hide_on_desktop=&#8221;&#8221; hide_on_notebook=&#8221;&#8221; hide_on_tablet=&#8221;&#8221; hide_on_mobile=&#8221;&#8221;]<div id=\"sc_title_638878933\"\n\t\tclass=\"sc_title color_style_default scheme_dark sc_title_default\"><h6 class=\"sc_item_subtitle sc_title_subtitle sc_align_center sc_item_title_style_default\">Referencje<\/h6><h3 class=\"sc_item_title sc_title_title sc_align_center sc_item_title_style_default\">Co klienci m\u00f3wi\u0105<\/h3><\/div><!-- \/.sc_title -->[vc_empty_space alter_height=&#8221;small&#8221; hide_on_desktop=&#8221;&#8221; hide_on_notebook=&#8221;&#8221; hide_on_tablet=&#8221;&#8221; hide_on_mobile=&#8221;&#8221; css=&#8221;.vc_custom_1504186575871{margin-top: 0.8rem !important;}&#8221;]<div class=\"sc_testimonials color_style_default scheme_dark sc_testimonials_default\"><div class=\"sc_testimonials_content sc_item_content\"><div class=\"sc_testimonials_item\">\n\t<div class=\"sc_testimonials_item_content\"><p>\u201cFirma JAKON Sp. z o.o. z siedzib\u0105 w Tarnowie Podg\u00f3rnym 62-080 przy ul. Sowiej 4 jako<\/p>\n<p style=\"margin: 0in; font-family: Calibri; font-size: 11.0pt;\">Generalny Wykonawca zada\u0144 :<\/p>\n<p style=\"margin: 0in; font-family: Calibri; font-size: 11.0pt;\">\u00a0\u00a0\u00a0 &#8211; Rozbudowa Centrum Dystrybucyjnego Lidl w Nowej Wsi Legnickiej gm. Legnickie Pole<\/p>\n<p style=\"margin: 0in; font-family: Calibri; font-size: 11.0pt;\">\u00a0\u00a0\u00a0\u00a0 &#8211; Modernizacja Centrum Dystrybucyjnego Lidl w Strykowie , Dobra ul. Wodna 36<\/p>\n<p style=\"margin: 0in; font-family: Calibri; font-size: 11.0pt;\">\u00a0\u00a0\u00a0\u00a0 -Budowa hali magazynowej z ch\u0142odni\u0105 oraz cz\u0119\u015bci\u0105 biurowo socjaln\u0105 Mandersloot Zabrze ul. Redena<\/p>\n<p style=\"margin: 0in; font-family: Calibri; font-size: 11.0pt;\">\u00a0\u00a0\u00a0\u00a0 -Rozbudowa hali przemys\u0142owej monta\u017cu wraz z budynkiem biurowo-socjalnym dla Famot Pleszew 63-300 ul. Fabryczna 7<\/p>\n<p style=\"margin: 0in; font-family: Calibri; font-size: 11.0pt;\">\u00a0\u00a0\u00a0\u00a0 -Budowa hali produkcyjnej XXL wraz z cz\u0119\u015bci\u0105 biurow\u0105 potrzeb zak\u0142adu Famot Pleszew 63-300 ul .Fabryczna 7<\/p>\n<p style=\"margin: 0in; font-family: Calibri; font-size: 11.0pt;\">O\u015bwiadcza, \u017ce firma ELEKTROMIX 2 Karolina Koralewska z siedzib\u0105 w 62-035 K\u00f3rnik ,<\/p>\n<p style=\"margin: 0in; font-family: Calibri; font-size: 11.0pt;\">ul.Pocztowa7 lok.3 ,NIP 7773041625 wykona\u0142a zgodnie z umowami w okresie 2015 -2019 prace<\/p>\n<p style=\"margin: 0in; font-family: Calibri; font-size: 11.0pt;\">zwi\u0105zane z instalacjami elektrycznymi oraz teletechnicznymi dla w\/w inwestycji .<\/p>\n<p style=\"margin: 0in; font-family: Calibri; font-size: 11.0pt;\">Powierzone prace zosta\u0142y wykonane terminowo ,solidnie z zastosowaniem aktualnych rozwi\u0105za\u0144<\/p>\n<p style=\"margin: 0in; font-family: Calibri; font-size: 11.0pt;\">technologicznych z dba\u0142o\u015bci\u0105 o ko\u0144cowy efekt estetyczny .<\/p>\n<p style=\"margin: 0in; font-family: Calibri; font-size: 11.0pt;\">Firma w pe\u0142ni podo\u0142a\u0142a na\u0142o\u017conym na ni\u0105 wysokim wymaganiom jako\u015bciowym ,posiada dobrze<\/p>\n<p style=\"margin: 0in; font-family: Calibri; font-size: 11.0pt;\">wyposa\u017cone zaplecze sprz\u0119towe oraz wykwalifikowan\u0105 za\u0142og\u0119 ,kt\u00f3ra wykaza\u0142a si\u0119 sprawno\u015bci\u0105<\/p>\n<p style=\"margin: 0in; font-family: Calibri; font-size: 11.0pt;\">organizacyjn\u0105 ,du\u017cym do\u015bwiadczeniem i wiedz\u0105 praktyczn\u0105 .<\/p>\n<p style=\"margin: 0in; font-family: Calibri; font-size: 11.0pt;\">Wystawione referencje s\u0105 gwarancj\u0105 rzetelno\u015bci i fachowo\u015bci firmy ,oraz zapewnieniem us\u0142ug<\/p>\n<p style=\"margin: 0in; font-family: Calibri; font-size: 11.0pt;\">najwy\u017cszej jako\u015bci .<\/p>\n<p>&nbsp;<\/p>\n<p style=\"margin: 0in; font-family: Calibri; font-size: 11.0pt;\">Firma ELEKTROMIX 2 Karolina Koralewska to kompetentna i odpowiedzialna firma ,zas\u0142uguj\u0105ca na<\/p>\n<p style=\"margin: 0in; font-family: Calibri; font-size: 11.0pt;\">miano godnego polecenia kooperanta inwestycji budowlanych<\/p>\n<p>\u201d<\/p>\n<\/div>\n\t<div class=\"sc_testimonials_item_author\">\n\t\t\t\t<div class=\"sc_testimonials_item_author_data\">\n\t\t\t<h4 class=\"sc_testimonials_item_author_title\">JAKON Sp. z o.o<\/h4>\n\t\t\t<div class=\"sc_testimonials_item_author_subtitle\">Wojciech Jakubowski<\/div>\n\t\t<\/div>\n\t<\/div>\n<\/div>\n<\/div><\/div><!-- \/.sc_testimonials -->[vc_empty_space alter_height=&#8221;small&#8221; hide_on_desktop=&#8221;&#8221; hide_on_notebook=&#8221;&#8221; hide_on_tablet=&#8221;&#8221; hide_on_mobile=&#8221;&#8221; css=&#8221;.vc_custom_1504188503038{margin-top: 0.95rem !important;}&#8221;][\/vc_column_inner][\/vc_row_inner][\/vc_column][\/vc_row][vc_row][vc_column][vc_empty_space alter_height=&#8221;huge&#8221; hide_on_desktop=&#8221;&#8221; hide_on_notebook=&#8221;&#8221; hide_on_tablet=&#8221;&#8221; hide_on_mobile=&#8221;&#8221; css=&#8221;.vc_custom_1504190843115{margin-top: -0.25rem !important;}&#8221;]<div id=\"sc_skills_1896332657\"\n\t\tclass=\"sc_skills sc_skills_pie sc_skills_compact_off\"\n\t\t\t\tdata-type=\"pie\"\n\t\t><h6 class=\"sc_item_subtitle sc_skills_subtitle sc_align_center sc_item_title_style_default\">nasze umiej\u0119tno\u015bci<\/h6><h3 class=\"sc_item_title sc_skills_title sc_align_center sc_item_title_style_default\">Elektryczni eksperci<\/h3><div class=\"sc_item_descr sc_skills_descr sc_align_center\"><p>Mo\u017cesz nam zaufa\u0107, \u017ce posiadamy konieczne kwalifikacje do wykonywania swojej pracy. Szybko reagujemy na potrzeby rynku.<\/p>\n<\/div><div class=\"sc_skills_columns sc_item_columns trx_addons_columns_wrap columns_padding_bottom\"><div class=\"sc_skills_column trx_addons_column-1_5\"><div class=\"sc_skills_item_wrap\"><div class=\"sc_skills_item\"><canvas id=\"sc_skills_canvas_246228624\"><\/canvas><div class=\"sc_skills_total\" data-start=\"0\" data-stop=\"100\" data-step=\"1\" data-steps=\"100\" data-max=\"100\" data-speed=\"36\" data-duration=\"3600\" data-color=\"#efa758\" data-bg_color=\"#f7f7f7\" data-border_color=\"\" data-cutout=\"92\" data-easing=\"easeOutCirc\" data-ed=\"%\">0%<\/div><\/div><div class=\"sc_skills_item_title\">INSTALACJE NN ORAZ SN<\/div><\/div><\/div><div class=\"sc_skills_column trx_addons_column-1_5\"><div class=\"sc_skills_item_wrap\"><div class=\"sc_skills_item\"><canvas id=\"sc_skills_canvas_257842964\"><\/canvas><div class=\"sc_skills_total\" data-start=\"0\" data-stop=\"100\" data-step=\"1\" data-steps=\"100\" data-max=\"100\" data-speed=\"30\" data-duration=\"3000\" data-color=\"#efa758\" data-bg_color=\"#f7f7f7\" data-border_color=\"\" data-cutout=\"92\" data-easing=\"easeOutCirc\" data-ed=\"%\">0%<\/div><\/div><div class=\"sc_skills_item_title\">INSTALCAJE  ODGROMOWE I UZIEMIENIA<\/div><\/div><\/div><div class=\"sc_skills_column trx_addons_column-1_5\"><div class=\"sc_skills_item_wrap\"><div class=\"sc_skills_item\"><canvas id=\"sc_skills_canvas_1585688935\"><\/canvas><div class=\"sc_skills_total\" data-start=\"0\" data-stop=\"100\" data-step=\"1\" data-steps=\"100\" data-max=\"100\" data-speed=\"23\" data-duration=\"2300\" data-color=\"#efa758\" data-bg_color=\"#f7f7f7\" data-border_color=\"\" data-cutout=\"92\" data-easing=\"easeOutCirc\" data-ed=\"%\">0%<\/div><\/div><div class=\"sc_skills_item_title\">SYSTEMY PO\u017bAROWE<\/div><\/div><\/div><div class=\"sc_skills_column trx_addons_column-1_5\"><div class=\"sc_skills_item_wrap\"><div class=\"sc_skills_item\"><canvas id=\"sc_skills_canvas_1985483992\"><\/canvas><div class=\"sc_skills_total\" data-start=\"0\" data-stop=\"100\" data-step=\"1\" data-steps=\"100\" data-max=\"100\" data-speed=\"39\" data-duration=\"3900\" data-color=\"#efa758\" data-bg_color=\"#f7f7f7\" data-border_color=\"\" data-cutout=\"92\" data-easing=\"easeOutCirc\" data-ed=\"%\">0%<\/div><\/div><div class=\"sc_skills_item_title\">SYSTEMY ZABEZPIECZE\u0143 TECHNICZNYCH<\/div><\/div><\/div><div class=\"sc_skills_column trx_addons_column-1_5\"><div class=\"sc_skills_item_wrap\"><div class=\"sc_skills_item\"><canvas id=\"sc_skills_canvas_1567535394\"><\/canvas><div class=\"sc_skills_total\" data-start=\"0\" data-stop=\"100\" data-step=\"1\" data-steps=\"100\" data-max=\"100\" data-speed=\"36\" data-duration=\"3600\" data-color=\"#efa758\" data-bg_color=\"#f7f7f7\" data-border_color=\"\" data-cutout=\"92\" data-easing=\"easeOutCirc\" data-ed=\"%\">0%<\/div><\/div><div class=\"sc_skills_item_title\">SIECI \u015aWIAT\u0141OWODOWE<\/div><\/div><\/div><\/div><\/div>[vc_empty_space alter_height=&#8221;huge&#8221; hide_on_desktop=&#8221;&#8221; hide_on_notebook=&#8221;&#8221; hide_on_tablet=&#8221;&#8221; hide_on_mobile=&#8221;&#8221; css=&#8221;.vc_custom_1504191180183{margin-top: -1.65rem !important;}&#8221;][\/vc_column][\/vc_row]<\/p>\n","protected":false},"excerpt":{"rendered":"<p>[vc_row][vc_column][vc_empty_space alter_height=&#8221;huge&#8221; hide_on_desktop=&#8221;&#8221; hide_on_notebook=&#8221;&#8221; hide_on_tablet=&#8221;&#8221; hide_on_mobile=&#8221;&#8221;][vc_empty_space alter_height=&#8221;large&#8221; hide_on_desktop=&#8221;&#8221; hide_on_notebook=&#8221;&#8221; hide_on_tablet=&#8221;&#8221; hide_on_mobile=&#8221;&#8221; css=&#8221;.vc_custom_1504109698536{margin-top: 1.6rem !important;}&#8221;][\/vc_column][\/vc_row][vc_row full_width=&#8221;stretch_row&#8221; content_placement=&#8221;middle&#8221; hide_bg_image_on_tablet=&#8221;&#8221; hide_bg_image_on_mobile=&#8221;&#8221; css=&#8221;.vc_custom_1591130639693{background-color: #00A0E3 !important;}&#8221;][vc_column icons_position=&#8221;left&#8221;][vc_empty_space alter_height=&#8221;medium&#8221; hide_on_desktop=&#8221;&#8221; hide_on_notebook=&#8221;&#8221; hide_on_tablet=&#8221;&#8221; hide_on_mobile=&#8221;&#8221; css=&#8221;.vc_custom_1504105704118{margin-top: 1.7rem !important;}&#8221;][\/vc_column][vc_column width=&#8221;5\/12&#8243; icons_position=&#8221;left&#8221;][\/vc_column][vc_column width=&#8221;1\/2&#8243; icons_position=&#8221;left&#8221; offset=&#8221;vc_hidden-lg vc_hidden-md vc_hidden-sm&#8221;][vc_empty_space alter_height=&#8221;medium&#8221; hide_on_desktop=&#8221;&#8221; hide_on_notebook=&#8221;&#8221; hide_on_tablet=&#8221;&#8221; hide_on_mobile=&#8221;&#8221;][\/vc_column][vc_column width=&#8221;7\/12&#8243; fix_column=&#8221;&#8221; hide_bg_image_on_tablet=&#8221;&#8221; hide_bg_image_on_mobile=&#8221;&#8221; column_align=&#8221;right&#8221; icons_position=&#8221;left&#8221;][\/vc_column][vc_column icons_position=&#8221;left&#8221;][vc_empty_space alter_height=&#8221;medium&#8221; hide_on_desktop=&#8221;&#8221; hide_on_notebook=&#8221;&#8221; hide_on_tablet=&#8221;&#8221; hide_on_mobile=&#8221;&#8221; css=&#8221;.vc_custom_1504105712758{margin-top: 1.3rem !important;}&#8221;][\/vc_column][\/vc_row][vc_row full_width=&#8221;stretch_row_content_no_spaces&#8221; css=&#8221;.vc_custom_1504185339386{background-image: url(http:\/\/electroserv.ancorathemes.com\/wp-content\/uploads\/2017\/07\/img_3.jpg?id=237)&hellip;<\/p>\n","protected":false},"author":1,"featured_media":0,"parent":0,"menu_order":0,"comment_status":"closed","ping_status":"closed","template":"","meta":[],"_links":{"self":[{"href":"https:\/\/www.instalacjeelektryczne.net\/index.php?rest_route=\/wp\/v2\/pages\/225"}],"collection":[{"href":"https:\/\/www.instalacjeelektryczne.net\/index.php?rest_route=\/wp\/v2\/pages"}],"about":[{"href":"https:\/\/www.instalacjeelektryczne.net\/index.php?rest_route=\/wp\/v2\/types\/page"}],"author":[{"embeddable":true,"href":"https:\/\/www.instalacjeelektryczne.net\/index.php?rest_route=\/wp\/v2\/users\/1"}],"replies":[{"embeddable":true,"href":"https:\/\/www.instalacjeelektryczne.net\/index.php?rest_route=%2Fwp%2Fv2%2Fcomments&post=225"}],"version-history":[{"count":22,"href":"https:\/\/www.instalacjeelektryczne.net\/index.php?rest_route=\/wp\/v2\/pages\/225\/revisions"}],"predecessor-version":[{"id":874,"href":"https:\/\/www.instalacjeelektryczne.net\/index.php?rest_route=\/wp\/v2\/pages\/225\/revisions\/874"}],"wp:attachment":[{"href":"https:\/\/www.instalacjeelektryczne.net\/index.php?rest_route=%2Fwp%2Fv2%2Fmedia&parent=225"}],"curies":[{"name":"wp","href":"https:\/\/api.w.org\/{rel}","templated":true}]}}