{"id":143,"date":"2017-07-06T14:29:32","date_gmt":"2017-07-06T14:29:32","guid":{"rendered":"http:\/\/electroserv.ancorathemes.com\/?page_id=143"},"modified":"2023-04-04T21:28:17","modified_gmt":"2023-04-04T19:28:17","slug":"contacts","status":"publish","type":"page","link":"https:\/\/www.instalacjeelektryczne.net\/?page_id=143","title":{"rendered":"Kontakt"},"content":{"rendered":"<p>[vc_row full_width=&#8221;stretch_row_content_no_spaces&#8221;][vc_column]<div id=\"sc_googlemap_1491634135_wrap\" class=\"sc_googlemap_wrap\"><div class=\"sc_googlemap_content_wrap\"><div id=\"sc_googlemap_1491634135\"\n\t\t\tclass=\"sc_googlemap sc_googlemap_default\"\n\t\t\t style=\"width:100%;height:405px;\"\t\t\tdata-zoom=\"16\"\n\t\t\tdata-style=\"dark\"\n\t\t\tdata-cluster-icon=\"\"\n\t\t\t><iframe\n\t\t\t\t\tsrc=\"https:\/\/maps.google.com\/maps?t=m&output=embed&iwloc=near&z=16&q=Pocztowa+4%2C+62-035+K%C3%B3rnik\"\n\t\t\t\t\tscrolling=\"no\"\n\t\t\t\t\tmarginheight=\"0\"\n\t\t\t\t\tmarginwidth=\"0\"\n\t\t\t\t\tframeborder=\"0\"\n\t\t\t\t\taria-label=\"EletktoMix\"><\/iframe><\/div>\t\t\t<div class=\"sc_googlemap_content color_style_default sc_googlemap_content_default\"><div id=\"sc_icons_1694738367\" \n\tclass=\"sc_icons sc_icons_default sc_icons_size_small sc_align_left\"><div class=\"sc_icons_item\"><div id=\"sc_icons_1694738367_icon-location\" class=\"sc_icons_icon sc_icon_type_ icon-location\"\n\t\t\t\t\t\t\t\t\t\t\t\t><span class=\"sc_icon_type_ icon-location\"><\/span><\/div><h4 class=\"sc_icons_item_title\"><span>ElektroMix<\/span><\/h4><div class=\"sc_icons_item_description\"><span>Pocztowa 4, <\/span><span>62-035 K\u00f3rnik<\/span><\/div><\/div><div class=\"sc_icons_item sc_icons_item_linked\"><div id=\"sc_icons_1694738367_icon-phone\" class=\"sc_icons_icon sc_icon_type_ icon-phone\"\n\t\t\t\t\t\t\t\t\t\t\t\t><span class=\"sc_icon_type_ icon-phone\"><\/span><\/div><h4 class=\"sc_icons_item_title\"><span>Zadzwon do nas<\/span><\/h4><div class=\"sc_icons_item_description\"><span>+48 669 220 440<\/span><\/div><a href=\"tel:+48%20669%20220%20440\" class=\"sc_icons_item_link\"><\/a><\/div><div class=\"sc_icons_item sc_icons_item_linked\"><div id=\"sc_icons_1694738367_icon-mail\" class=\"sc_icons_icon sc_icon_type_ icon-mail\"\n\t\t\t\t\t\t\t\t\t\t\t\t><span class=\"sc_icon_type_ icon-mail\"><\/span><\/div><h4 class=\"sc_icons_item_title\"><span>Email<\/span><\/h4><div class=\"sc_icons_item_description\"><span>biuro@instalacjeelektryczne.net<\/span><\/div><a href=\"mailto:biuro@instalacjeelektryczne.net\" class=\"sc_icons_item_link\"><\/a><\/div><\/div><!-- \/.sc_icons --><\/div>\n\t\t<\/div>\n\t\t<\/div><!-- \/.sc_googlemap_wrap -->[\/vc_column][\/vc_row][vc_row][vc_column width=&#8221;2\/3&#8243; offset=&#8221;vc_col-sm-offset-2&#8243;][vc_empty_space alter_height=&#8221;huge&#8221; hide_on_desktop=&#8221;&#8221; hide_on_notebook=&#8221;&#8221; hide_on_tablet=&#8221;&#8221; hide_on_mobile=&#8221;&#8221; css=&#8221;.vc_custom_1504099315925{margin-top: -0.8rem !important;}&#8221;]<div id=\"sc_title_695699504\"\n\t\tclass=\"sc_title color_style_default sc_title_default\"><h6 class=\"sc_item_subtitle sc_title_subtitle sc_align_center sc_item_title_style_default\">Formularz kontaktowy<\/h6><h3 class=\"sc_item_title sc_title_title sc_align_center sc_item_title_style_default\">Skontaktuj si\u0119 z nami<\/h3><\/div><!-- \/.sc_title -->[vc_empty_space alter_height=&#8221;medium&#8221; hide_on_desktop=&#8221;&#8221; hide_on_notebook=&#8221;&#8221; hide_on_tablet=&#8221;&#8221; hide_on_mobile=&#8221;&#8221; css=&#8221;.vc_custom_1545316114119{margin-top: -0.3rem !important;}&#8221;]<div role=\"form\" class=\"wpcf7\" id=\"wpcf7-f636-o1\" lang=\"en-US\" dir=\"ltr\">\n<div class=\"screen-reader-response\"><p role=\"status\" aria-live=\"polite\" aria-atomic=\"true\"><\/p> <ul><\/ul><\/div>\n<form action=\"\/index.php?rest_route=%2Fwp%2Fv2%2Fpages%2F143#wpcf7-f636-o1\" method=\"post\" class=\"wpcf7-form init\" novalidate=\"novalidate\" data-status=\"init\">\n<div style=\"display: none;\">\n<input type=\"hidden\" name=\"_wpcf7\" value=\"636\" \/>\n<input type=\"hidden\" name=\"_wpcf7_version\" value=\"5.4.1\" \/>\n<input type=\"hidden\" name=\"_wpcf7_locale\" value=\"en_US\" \/>\n<input type=\"hidden\" name=\"_wpcf7_unit_tag\" value=\"wpcf7-f636-o1\" \/>\n<input type=\"hidden\" name=\"_wpcf7_container_post\" value=\"0\" \/>\n<input type=\"hidden\" name=\"_wpcf7_posted_data_hash\" value=\"\" \/>\n<\/div>\n<div class=\"columns_wrap\">\n<div class=\"column-1_2\"><span class=\"wpcf7-form-control-wrap your-name\"><input type=\"text\" name=\"your-name\" value=\"\" size=\"40\" class=\"wpcf7-form-control wpcf7-text wpcf7-validates-as-required\" aria-required=\"true\" aria-invalid=\"false\" placeholder=\"Imi\u0119*\" \/><\/span><\/div>\n<div class=\"column-1_2\"><span class=\"wpcf7-form-control-wrap your-email\"><input type=\"email\" name=\"your-email\" value=\"\" size=\"40\" class=\"wpcf7-form-control wpcf7-text wpcf7-email wpcf7-validates-as-required wpcf7-validates-as-email\" aria-required=\"true\" aria-invalid=\"false\" placeholder=\"E-mail*\" \/><\/span><\/div>\n<\/div>\n<div class=\"columns_wrap\">\n<div class=\"column-1_1\"><span class=\"wpcf7-form-control-wrap textarea-message\"><textarea name=\"textarea-message\" cols=\"40\" rows=\"20\" class=\"wpcf7-form-control wpcf7-textarea wpcf7-validates-as-required\" aria-required=\"true\" aria-invalid=\"false\" placeholder=\"Tre\u015b\u0107 wiadomo\u015b\u0107i*\"><\/textarea><\/span><\/div>\n<\/div>\n<div class=\"columns_wrap\">\n<div class=\"column-1_1 aligncenter\">\n<span class=\"wpcf7-form-control-wrap acceptance-86\"><span class=\"wpcf7-form-control wpcf7-acceptance\"><span class=\"wpcf7-list-item\"><label><input type=\"checkbox\" name=\"acceptance-86\" value=\"1\" aria-invalid=\"false\" \/><span class=\"wpcf7-list-item-label\">Wyra\u017cam zgod\u0119 na gromadzenie i przechowywanie moich danych.<\/span><\/label><\/span><\/span><\/span><span class=\" aligncenter\"><input type=\"submit\" value=\"Wy\u015blij\" class=\"wpcf7-form-control wpcf7-submit\" \/><\/span><\/div>\n<\/div>\n<div class=\"wpcf7-response-output\" aria-hidden=\"true\"><\/div><\/form><\/div>[vc_empty_space alter_height=&#8221;huge&#8221; hide_on_desktop=&#8221;&#8221; hide_on_notebook=&#8221;&#8221; hide_on_tablet=&#8221;&#8221; hide_on_mobile=&#8221;&#8221; css=&#8221;.vc_custom_1504099315925{margin-top: -0.8rem !important;}&#8221;][\/vc_column][\/vc_row]<\/p>\n","protected":false},"excerpt":{"rendered":"<p>[vc_row full_width=&#8221;stretch_row_content_no_spaces&#8221;][vc_column][\/vc_column][\/vc_row][vc_row][vc_column width=&#8221;2\/3&#8243; offset=&#8221;vc_col-sm-offset-2&#8243;][vc_empty_space alter_height=&#8221;huge&#8221; hide_on_desktop=&#8221;&#8221; hide_on_notebook=&#8221;&#8221; hide_on_tablet=&#8221;&#8221; hide_on_mobile=&#8221;&#8221; css=&#8221;.vc_custom_1504099315925{margin-top: -0.8rem !important;}&#8221;][vc_empty_space alter_height=&#8221;medium&#8221; hide_on_desktop=&#8221;&#8221; hide_on_notebook=&#8221;&#8221; hide_on_tablet=&#8221;&#8221; hide_on_mobile=&#8221;&#8221; css=&#8221;.vc_custom_1545316114119{margin-top: -0.3rem !important;}&#8221;][vc_empty_space alter_height=&#8221;huge&#8221; hide_on_desktop=&#8221;&#8221; hide_on_notebook=&#8221;&#8221; hide_on_tablet=&#8221;&#8221; hide_on_mobile=&#8221;&#8221; css=&#8221;.vc_custom_1504099315925{margin-top: -0.8rem !important;}&#8221;][\/vc_column][\/vc_row]<\/p>\n","protected":false},"author":1,"featured_media":0,"parent":0,"menu_order":0,"comment_status":"closed","ping_status":"closed","template":"","meta":[],"_links":{"self":[{"href":"https:\/\/www.instalacjeelektryczne.net\/index.php?rest_route=\/wp\/v2\/pages\/143"}],"collection":[{"href":"https:\/\/www.instalacjeelektryczne.net\/index.php?rest_route=\/wp\/v2\/pages"}],"about":[{"href":"https:\/\/www.instalacjeelektryczne.net\/index.php?rest_route=\/wp\/v2\/types\/page"}],"author":[{"embeddable":true,"href":"https:\/\/www.instalacjeelektryczne.net\/index.php?rest_route=\/wp\/v2\/users\/1"}],"replies":[{"embeddable":true,"href":"https:\/\/www.instalacjeelektryczne.net\/index.php?rest_route=%2Fwp%2Fv2%2Fcomments&post=143"}],"version-history":[{"count":12,"href":"https:\/\/www.instalacjeelektryczne.net\/index.php?rest_route=\/wp\/v2\/pages\/143\/revisions"}],"predecessor-version":[{"id":896,"href":"https:\/\/www.instalacjeelektryczne.net\/index.php?rest_route=\/wp\/v2\/pages\/143\/revisions\/896"}],"wp:attachment":[{"href":"https:\/\/www.instalacjeelektryczne.net\/index.php?rest_route=%2Fwp%2Fv2%2Fmedia&parent=143"}],"curies":[{"name":"wp","href":"https:\/\/api.w.org\/{rel}","templated":true}]}}